{"id":214,"date":"2025-07-16T11:14:32","date_gmt":"2025-07-16T09:14:32","guid":{"rendered":"https:\/\/happycountry-tarare.fr\/?page_id=214"},"modified":"2025-07-16T11:15:03","modified_gmt":"2025-07-16T09:15:03","slug":"fete-des-mousseline-fete-de-la-musique-21-juin-2025","status":"publish","type":"page","link":"https:\/\/happycountry-tarare.fr\/index.php\/souvenirs\/fete-des-mousseline-fete-de-la-musique-21-juin-2025\/","title":{"rendered":"F\u00eate des Mousseline &#8211; F\u00eate de la Musique 21 Juin 2025"},"content":{"rendered":"\n<p>Nous avons la chance de pouvoir nous produire pour le grand \u00e9v\u00e8nement de Tarare qui est la f\u00eate des Mousselines sur la place du march\u00e9. Ce fut une superbe exp\u00e9rience, m\u00eame avec beaucoup de stress. Mais nous avons assur\u00e9s et relever le d\u00e9fis<\/p>\n\n\n\n<p>Photo de groupe avec la Reine des Mousseline et ses dauphines<\/p>\n\n\n\n<figure class=\"wp-block-image size-large\"><img loading=\"lazy\" decoding=\"async\" width=\"1024\" height=\"768\" src=\"https:\/\/happycountry-tarare.fr\/wp-content\/uploads\/2025\/07\/IMG_8976-1024x768.jpg\" alt=\"\" class=\"wp-image-217\" srcset=\"https:\/\/happycountry-tarare.fr\/wp-content\/uploads\/2025\/07\/IMG_8976-1024x768.jpg 1024w, https:\/\/happycountry-tarare.fr\/wp-content\/uploads\/2025\/07\/IMG_8976-300x225.jpg 300w, https:\/\/happycountry-tarare.fr\/wp-content\/uploads\/2025\/07\/IMG_8976-768x576.jpg 768w, https:\/\/happycountry-tarare.fr\/wp-content\/uploads\/2025\/07\/IMG_8976-1536x1152.jpg 1536w, https:\/\/happycountry-tarare.fr\/wp-content\/uploads\/2025\/07\/IMG_8976-136x102.jpg 136w, https:\/\/happycountry-tarare.fr\/wp-content\/uploads\/2025\/07\/IMG_8976.jpg 1600w\" sizes=\"auto, (max-width: 1024px) 100vw, 1024px\" \/><\/figure>\n\n\n\n<p>La d\u00e9mo<\/p>\n\n\n\n<figure class=\"wp-block-image size-large\"><img loading=\"lazy\" decoding=\"async\" width=\"1024\" height=\"683\" src=\"https:\/\/happycountry-tarare.fr\/wp-content\/uploads\/2025\/07\/IMG_0866-1024x683.jpg\" alt=\"\" class=\"wp-image-218\" srcset=\"https:\/\/happycountry-tarare.fr\/wp-content\/uploads\/2025\/07\/IMG_0866-1024x683.jpg 1024w, https:\/\/happycountry-tarare.fr\/wp-content\/uploads\/2025\/07\/IMG_0866-300x200.jpg 300w, https:\/\/happycountry-tarare.fr\/wp-content\/uploads\/2025\/07\/IMG_0866-768x512.jpg 768w, https:\/\/happycountry-tarare.fr\/wp-content\/uploads\/2025\/07\/IMG_0866-1536x1024.jpg 1536w, https:\/\/happycountry-tarare.fr\/wp-content\/uploads\/2025\/07\/IMG_0866-2048x1365.jpg 2048w\" sizes=\"auto, (max-width: 1024px) 100vw, 1024px\" \/><\/figure>\n\n\n\n<figure class=\"wp-block-image size-large\"><img loading=\"lazy\" decoding=\"async\" width=\"683\" height=\"1024\" src=\"https:\/\/happycountry-tarare.fr\/wp-content\/uploads\/2025\/07\/IMG_0885-683x1024.jpg\" alt=\"\" class=\"wp-image-219\" srcset=\"https:\/\/happycountry-tarare.fr\/wp-content\/uploads\/2025\/07\/IMG_0885-683x1024.jpg 683w, https:\/\/happycountry-tarare.fr\/wp-content\/uploads\/2025\/07\/IMG_0885-200x300.jpg 200w, https:\/\/happycountry-tarare.fr\/wp-content\/uploads\/2025\/07\/IMG_0885-768x1152.jpg 768w, https:\/\/happycountry-tarare.fr\/wp-content\/uploads\/2025\/07\/IMG_0885-1024x1536.jpg 1024w, https:\/\/happycountry-tarare.fr\/wp-content\/uploads\/2025\/07\/IMG_0885-1365x2048.jpg 1365w, https:\/\/happycountry-tarare.fr\/wp-content\/uploads\/2025\/07\/IMG_0885-400x600.jpg 400w, https:\/\/happycountry-tarare.fr\/wp-content\/uploads\/2025\/07\/IMG_0885-scaled.jpg 1707w\" sizes=\"auto, (max-width: 683px) 100vw, 683px\" \/><\/figure>\n\n\n\n<figure class=\"wp-block-image size-large\"><img loading=\"lazy\" decoding=\"async\" width=\"1024\" height=\"683\" src=\"https:\/\/happycountry-tarare.fr\/wp-content\/uploads\/2025\/07\/IMG_0887-1024x683.jpg\" alt=\"\" class=\"wp-image-220\" srcset=\"https:\/\/happycountry-tarare.fr\/wp-content\/uploads\/2025\/07\/IMG_0887-1024x683.jpg 1024w, https:\/\/happycountry-tarare.fr\/wp-content\/uploads\/2025\/07\/IMG_0887-300x200.jpg 300w, https:\/\/happycountry-tarare.fr\/wp-content\/uploads\/2025\/07\/IMG_0887-768x512.jpg 768w, https:\/\/happycountry-tarare.fr\/wp-content\/uploads\/2025\/07\/IMG_0887-1536x1024.jpg 1536w, https:\/\/happycountry-tarare.fr\/wp-content\/uploads\/2025\/07\/IMG_0887-2048x1365.jpg 2048w\" sizes=\"auto, (max-width: 1024px) 100vw, 1024px\" \/><\/figure>\n\n\n\n<p>Quelques vid\u00e9os souvenir<\/p>\n\n\n\n<figure class=\"wp-block-video\"><video height=\"478\" style=\"aspect-ratio: 848 \/ 478;\" width=\"848\" controls src=\"https:\/\/happycountry-tarare.fr\/wp-content\/uploads\/2025\/07\/5e4c7054-63d5-4afe-8f6f-d2b17b98dcf3-1.mp4\"><\/video><\/figure>\n\n\n\n<figure class=\"wp-block-video\"><video height=\"478\" style=\"aspect-ratio: 848 \/ 478;\" width=\"848\" controls src=\"https:\/\/happycountry-tarare.fr\/wp-content\/uploads\/2025\/07\/8a6bd900-e3de-4e92-ac88-310f05c793d2.mp4\"><\/video><\/figure>\n\n\n\n<figure class=\"wp-block-video\"><video height=\"478\" style=\"aspect-ratio: 848 \/ 478;\" width=\"848\" controls src=\"https:\/\/happycountry-tarare.fr\/wp-content\/uploads\/2025\/07\/324c95a6-ef3a-4c80-96b2-59297055b0db.mp4\"><\/video><\/figure>\n\n\n\n<figure class=\"wp-block-video\"><video height=\"478\" style=\"aspect-ratio: 848 \/ 478;\" width=\"848\" controls src=\"https:\/\/happycountry-tarare.fr\/wp-content\/uploads\/2025\/07\/818cc479-a180-48fb-a2b7-def18828f5a5.mp4\"><\/video><\/figure>\n\n\n\n<figure class=\"wp-block-video\"><video height=\"480\" style=\"aspect-ratio: 848 \/ 480;\" width=\"848\" controls src=\"https:\/\/happycountry-tarare.fr\/wp-content\/uploads\/2025\/07\/bf44d6a7-fc09-4cc5-9620-2b6314f88ef4.mp4\"><\/video><\/figure>\n\n\n\n<figure class=\"wp-block-video\"><video height=\"478\" style=\"aspect-ratio: 848 \/ 478;\" width=\"848\" controls src=\"https:\/\/happycountry-tarare.fr\/wp-content\/uploads\/2025\/07\/ddd559ad-04a8-4454-8e59-31ecfe6b5a65.mp4\"><\/video><\/figure>\n\n\n\n<figure class=\"wp-block-video\"><video height=\"478\" style=\"aspect-ratio: 848 \/ 478;\" width=\"848\" controls src=\"https:\/\/happycountry-tarare.fr\/wp-content\/uploads\/2025\/07\/e2d9b2f3-354f-47b2-9b5b-a817dae6b6ca.mp4\"><\/video><\/figure>\n\n\n\n<figure class=\"wp-block-video\"><video height=\"478\" style=\"aspect-ratio: 848 \/ 478;\" width=\"848\" controls src=\"https:\/\/happycountry-tarare.fr\/wp-content\/uploads\/2025\/07\/VIDEO-2025-06-21-18-28-56.mp4\"><\/video><\/figure>\n\n\n\n<figure class=\"wp-block-video\"><video height=\"478\" style=\"aspect-ratio: 848 \/ 478;\" width=\"848\" controls src=\"https:\/\/happycountry-tarare.fr\/wp-content\/uploads\/2025\/07\/VIDEO-2025-06-21-18-28-57-1.mp4\"><\/video><\/figure>\n\n\n\n<figure class=\"wp-block-video\"><video height=\"478\" style=\"aspect-ratio: 848 \/ 478;\" width=\"848\" controls src=\"https:\/\/happycountry-tarare.fr\/wp-content\/uploads\/2025\/07\/VIDEO-2025-06-21-18-28-57-2.mp4\"><\/video><\/figure>\n\n\n\n<figure class=\"wp-block-video\"><video height=\"478\" style=\"aspect-ratio: 848 \/ 478;\" width=\"848\" controls src=\"https:\/\/happycountry-tarare.fr\/wp-content\/uploads\/2025\/07\/VIDEO-2025-06-21-18-28-57.mp4\"><\/video><\/figure>\n\n\n\n<p>Merci \u00e0 tous les danseurs pour leur investissement pour cette d\u00e9monstration qui a \u00e9t\u00e9 r\u00e9ussie.<\/p>\n\n\n\n<figure class=\"wp-block-image size-full is-resized\"><img loading=\"lazy\" decoding=\"async\" width=\"436\" height=\"331\" src=\"https:\/\/happycountry-tarare.fr\/wp-content\/uploads\/2025\/07\/bravo.png\" alt=\"\" class=\"wp-image-234\" style=\"width:614px;height:auto\" srcset=\"https:\/\/happycountry-tarare.fr\/wp-content\/uploads\/2025\/07\/bravo.png 436w, https:\/\/happycountry-tarare.fr\/wp-content\/uploads\/2025\/07\/bravo-300x228.png 300w, https:\/\/happycountry-tarare.fr\/wp-content\/uploads\/2025\/07\/bravo-136x102.png 136w\" sizes=\"auto, (max-width: 436px) 100vw, 436px\" \/><\/figure>\n","protected":false},"excerpt":{"rendered":"<p>Nous avons la chance de pouvoir nous produire pour le grand \u00e9v\u00e8nement de Tarare qui est la f\u00eate des Mousselines sur la place du march\u00e9. Ce fut une superbe exp\u00e9rience, m\u00eame avec beaucoup de stress. Mais nous avons assur\u00e9s et relever le d\u00e9fis Photo de groupe avec la Reine des Mousseline et ses dauphines La [&hellip;]<\/p>\n","protected":false},"author":1,"featured_media":0,"parent":66,"menu_order":1,"comment_status":"open","ping_status":"closed","template":"","meta":{"footnotes":""},"class_list":["post-214","page","type-page","status-publish","hentry"],"yoast_head":"<!-- This site is optimized with the Yoast SEO plugin v25.9 - https:\/\/yoast.com\/wordpress\/plugins\/seo\/ -->\n<title>F\u00eate des Mousseline - F\u00eate de la Musique 21 Juin 2025 - Happy Country Tarare<\/title>\n<meta name=\"robots\" content=\"index, follow, max-snippet:-1, max-image-preview:large, max-video-preview:-1\" \/>\n<link rel=\"canonical\" href=\"https:\/\/happycountry-tarare.fr\/index.php\/souvenirs\/fete-des-mousseline-fete-de-la-musique-21-juin-2025\/\" \/>\n<meta property=\"og:locale\" content=\"fr_FR\" \/>\n<meta property=\"og:type\" content=\"article\" \/>\n<meta property=\"og:title\" content=\"F\u00eate des Mousseline - F\u00eate de la Musique 21 Juin 2025 - Happy Country Tarare\" \/>\n<meta property=\"og:description\" content=\"Nous avons la chance de pouvoir nous produire pour le grand \u00e9v\u00e8nement de Tarare qui est la f\u00eate des Mousselines sur la place du march\u00e9. Ce fut une superbe exp\u00e9rience, m\u00eame avec beaucoup de stress. Mais nous avons assur\u00e9s et relever le d\u00e9fis Photo de groupe avec la Reine des Mousseline et ses dauphines La [&hellip;]\" \/>\n<meta property=\"og:url\" content=\"https:\/\/happycountry-tarare.fr\/index.php\/souvenirs\/fete-des-mousseline-fete-de-la-musique-21-juin-2025\/\" \/>\n<meta property=\"og:site_name\" content=\"Happy Country Tarare\" \/>\n<meta property=\"article:modified_time\" content=\"2025-07-16T09:15:03+00:00\" \/>\n<meta property=\"og:image\" content=\"https:\/\/happycountry-tarare.fr\/wp-content\/uploads\/2025\/07\/IMG_8976.jpg\" \/>\n\t<meta property=\"og:image:width\" content=\"1600\" \/>\n\t<meta property=\"og:image:height\" content=\"1200\" \/>\n\t<meta property=\"og:image:type\" content=\"image\/jpeg\" \/>\n<meta name=\"twitter:card\" content=\"summary_large_image\" \/>\n<meta name=\"twitter:label1\" content=\"Dur\u00e9e de lecture estim\u00e9e\" \/>\n\t<meta name=\"twitter:data1\" content=\"2 minutes\" \/>\n<script type=\"application\/ld+json\" class=\"yoast-schema-graph\">{\"@context\":\"https:\/\/schema.org\",\"@graph\":[{\"@type\":\"WebPage\",\"@id\":\"https:\/\/happycountry-tarare.fr\/index.php\/souvenirs\/fete-des-mousseline-fete-de-la-musique-21-juin-2025\/\",\"url\":\"https:\/\/happycountry-tarare.fr\/index.php\/souvenirs\/fete-des-mousseline-fete-de-la-musique-21-juin-2025\/\",\"name\":\"F\u00eate des Mousseline - F\u00eate de la Musique 21 Juin 2025 - Happy Country Tarare\",\"isPartOf\":{\"@id\":\"https:\/\/happycountry-tarare.fr\/#website\"},\"primaryImageOfPage\":{\"@id\":\"https:\/\/happycountry-tarare.fr\/index.php\/souvenirs\/fete-des-mousseline-fete-de-la-musique-21-juin-2025\/#primaryimage\"},\"image\":{\"@id\":\"https:\/\/happycountry-tarare.fr\/index.php\/souvenirs\/fete-des-mousseline-fete-de-la-musique-21-juin-2025\/#primaryimage\"},\"thumbnailUrl\":\"https:\/\/happycountry-tarare.fr\/wp-content\/uploads\/2025\/07\/IMG_8976-1024x768.jpg\",\"datePublished\":\"2025-07-16T09:14:32+00:00\",\"dateModified\":\"2025-07-16T09:15:03+00:00\",\"breadcrumb\":{\"@id\":\"https:\/\/happycountry-tarare.fr\/index.php\/souvenirs\/fete-des-mousseline-fete-de-la-musique-21-juin-2025\/#breadcrumb\"},\"inLanguage\":\"fr-FR\",\"potentialAction\":[{\"@type\":\"ReadAction\",\"target\":[\"https:\/\/happycountry-tarare.fr\/index.php\/souvenirs\/fete-des-mousseline-fete-de-la-musique-21-juin-2025\/\"]}]},{\"@type\":\"ImageObject\",\"inLanguage\":\"fr-FR\",\"@id\":\"https:\/\/happycountry-tarare.fr\/index.php\/souvenirs\/fete-des-mousseline-fete-de-la-musique-21-juin-2025\/#primaryimage\",\"url\":\"https:\/\/happycountry-tarare.fr\/wp-content\/uploads\/2025\/07\/IMG_8976.jpg\",\"contentUrl\":\"https:\/\/happycountry-tarare.fr\/wp-content\/uploads\/2025\/07\/IMG_8976.jpg\",\"width\":1600,\"height\":1200},{\"@type\":\"BreadcrumbList\",\"@id\":\"https:\/\/happycountry-tarare.fr\/index.php\/souvenirs\/fete-des-mousseline-fete-de-la-musique-21-juin-2025\/#breadcrumb\",\"itemListElement\":[{\"@type\":\"ListItem\",\"position\":1,\"name\":\"Accueil\",\"item\":\"https:\/\/happycountry-tarare.fr\/\"},{\"@type\":\"ListItem\",\"position\":2,\"name\":\"SOUVENIRS\",\"item\":\"https:\/\/happycountry-tarare.fr\/index.php\/souvenirs\/\"},{\"@type\":\"ListItem\",\"position\":3,\"name\":\"F\u00eate des Mousseline &#8211; F\u00eate de la Musique 21 Juin 2025\"}]},{\"@type\":\"WebSite\",\"@id\":\"https:\/\/happycountry-tarare.fr\/#website\",\"url\":\"https:\/\/happycountry-tarare.fr\/\",\"name\":\"Happy Country Tarare\",\"description\":\"\",\"publisher\":{\"@id\":\"https:\/\/happycountry-tarare.fr\/#organization\"},\"potentialAction\":[{\"@type\":\"SearchAction\",\"target\":{\"@type\":\"EntryPoint\",\"urlTemplate\":\"https:\/\/happycountry-tarare.fr\/?s={search_term_string}\"},\"query-input\":{\"@type\":\"PropertyValueSpecification\",\"valueRequired\":true,\"valueName\":\"search_term_string\"}}],\"inLanguage\":\"fr-FR\"},{\"@type\":\"Organization\",\"@id\":\"https:\/\/happycountry-tarare.fr\/#organization\",\"name\":\"Happy Country Tarare\",\"url\":\"https:\/\/happycountry-tarare.fr\/\",\"logo\":{\"@type\":\"ImageObject\",\"inLanguage\":\"fr-FR\",\"@id\":\"https:\/\/happycountry-tarare.fr\/#\/schema\/logo\/image\/\",\"url\":\"https:\/\/happycountry-tarare.fr\/wp-content\/uploads\/2024\/08\/cropped-LogoTarare-blanc.png\",\"contentUrl\":\"https:\/\/happycountry-tarare.fr\/wp-content\/uploads\/2024\/08\/cropped-LogoTarare-blanc.png\",\"width\":411,\"height\":249,\"caption\":\"Happy Country Tarare\"},\"image\":{\"@id\":\"https:\/\/happycountry-tarare.fr\/#\/schema\/logo\/image\/\"}}]}<\/script>\n<!-- \/ Yoast SEO plugin. -->","yoast_head_json":{"title":"F\u00eate des Mousseline - F\u00eate de la Musique 21 Juin 2025 - Happy Country Tarare","robots":{"index":"index","follow":"follow","max-snippet":"max-snippet:-1","max-image-preview":"max-image-preview:large","max-video-preview":"max-video-preview:-1"},"canonical":"https:\/\/happycountry-tarare.fr\/index.php\/souvenirs\/fete-des-mousseline-fete-de-la-musique-21-juin-2025\/","og_locale":"fr_FR","og_type":"article","og_title":"F\u00eate des Mousseline - F\u00eate de la Musique 21 Juin 2025 - Happy Country Tarare","og_description":"Nous avons la chance de pouvoir nous produire pour le grand \u00e9v\u00e8nement de Tarare qui est la f\u00eate des Mousselines sur la place du march\u00e9. Ce fut une superbe exp\u00e9rience, m\u00eame avec beaucoup de stress. Mais nous avons assur\u00e9s et relever le d\u00e9fis Photo de groupe avec la Reine des Mousseline et ses dauphines La [&hellip;]","og_url":"https:\/\/happycountry-tarare.fr\/index.php\/souvenirs\/fete-des-mousseline-fete-de-la-musique-21-juin-2025\/","og_site_name":"Happy Country Tarare","article_modified_time":"2025-07-16T09:15:03+00:00","og_image":[{"width":1600,"height":1200,"url":"https:\/\/happycountry-tarare.fr\/wp-content\/uploads\/2025\/07\/IMG_8976.jpg","type":"image\/jpeg"}],"twitter_card":"summary_large_image","twitter_misc":{"Dur\u00e9e de lecture estim\u00e9e":"2 minutes"},"schema":{"@context":"https:\/\/schema.org","@graph":[{"@type":"WebPage","@id":"https:\/\/happycountry-tarare.fr\/index.php\/souvenirs\/fete-des-mousseline-fete-de-la-musique-21-juin-2025\/","url":"https:\/\/happycountry-tarare.fr\/index.php\/souvenirs\/fete-des-mousseline-fete-de-la-musique-21-juin-2025\/","name":"F\u00eate des Mousseline - F\u00eate de la Musique 21 Juin 2025 - Happy Country Tarare","isPartOf":{"@id":"https:\/\/happycountry-tarare.fr\/#website"},"primaryImageOfPage":{"@id":"https:\/\/happycountry-tarare.fr\/index.php\/souvenirs\/fete-des-mousseline-fete-de-la-musique-21-juin-2025\/#primaryimage"},"image":{"@id":"https:\/\/happycountry-tarare.fr\/index.php\/souvenirs\/fete-des-mousseline-fete-de-la-musique-21-juin-2025\/#primaryimage"},"thumbnailUrl":"https:\/\/happycountry-tarare.fr\/wp-content\/uploads\/2025\/07\/IMG_8976-1024x768.jpg","datePublished":"2025-07-16T09:14:32+00:00","dateModified":"2025-07-16T09:15:03+00:00","breadcrumb":{"@id":"https:\/\/happycountry-tarare.fr\/index.php\/souvenirs\/fete-des-mousseline-fete-de-la-musique-21-juin-2025\/#breadcrumb"},"inLanguage":"fr-FR","potentialAction":[{"@type":"ReadAction","target":["https:\/\/happycountry-tarare.fr\/index.php\/souvenirs\/fete-des-mousseline-fete-de-la-musique-21-juin-2025\/"]}]},{"@type":"ImageObject","inLanguage":"fr-FR","@id":"https:\/\/happycountry-tarare.fr\/index.php\/souvenirs\/fete-des-mousseline-fete-de-la-musique-21-juin-2025\/#primaryimage","url":"https:\/\/happycountry-tarare.fr\/wp-content\/uploads\/2025\/07\/IMG_8976.jpg","contentUrl":"https:\/\/happycountry-tarare.fr\/wp-content\/uploads\/2025\/07\/IMG_8976.jpg","width":1600,"height":1200},{"@type":"BreadcrumbList","@id":"https:\/\/happycountry-tarare.fr\/index.php\/souvenirs\/fete-des-mousseline-fete-de-la-musique-21-juin-2025\/#breadcrumb","itemListElement":[{"@type":"ListItem","position":1,"name":"Accueil","item":"https:\/\/happycountry-tarare.fr\/"},{"@type":"ListItem","position":2,"name":"SOUVENIRS","item":"https:\/\/happycountry-tarare.fr\/index.php\/souvenirs\/"},{"@type":"ListItem","position":3,"name":"F\u00eate des Mousseline &#8211; F\u00eate de la Musique 21 Juin 2025"}]},{"@type":"WebSite","@id":"https:\/\/happycountry-tarare.fr\/#website","url":"https:\/\/happycountry-tarare.fr\/","name":"Happy Country Tarare","description":"","publisher":{"@id":"https:\/\/happycountry-tarare.fr\/#organization"},"potentialAction":[{"@type":"SearchAction","target":{"@type":"EntryPoint","urlTemplate":"https:\/\/happycountry-tarare.fr\/?s={search_term_string}"},"query-input":{"@type":"PropertyValueSpecification","valueRequired":true,"valueName":"search_term_string"}}],"inLanguage":"fr-FR"},{"@type":"Organization","@id":"https:\/\/happycountry-tarare.fr\/#organization","name":"Happy Country Tarare","url":"https:\/\/happycountry-tarare.fr\/","logo":{"@type":"ImageObject","inLanguage":"fr-FR","@id":"https:\/\/happycountry-tarare.fr\/#\/schema\/logo\/image\/","url":"https:\/\/happycountry-tarare.fr\/wp-content\/uploads\/2024\/08\/cropped-LogoTarare-blanc.png","contentUrl":"https:\/\/happycountry-tarare.fr\/wp-content\/uploads\/2024\/08\/cropped-LogoTarare-blanc.png","width":411,"height":249,"caption":"Happy Country Tarare"},"image":{"@id":"https:\/\/happycountry-tarare.fr\/#\/schema\/logo\/image\/"}}]}},"_links":{"self":[{"href":"https:\/\/happycountry-tarare.fr\/index.php\/wp-json\/wp\/v2\/pages\/214","targetHints":{"allow":["GET"]}}],"collection":[{"href":"https:\/\/happycountry-tarare.fr\/index.php\/wp-json\/wp\/v2\/pages"}],"about":[{"href":"https:\/\/happycountry-tarare.fr\/index.php\/wp-json\/wp\/v2\/types\/page"}],"author":[{"embeddable":true,"href":"https:\/\/happycountry-tarare.fr\/index.php\/wp-json\/wp\/v2\/users\/1"}],"replies":[{"embeddable":true,"href":"https:\/\/happycountry-tarare.fr\/index.php\/wp-json\/wp\/v2\/comments?post=214"}],"version-history":[{"count":2,"href":"https:\/\/happycountry-tarare.fr\/index.php\/wp-json\/wp\/v2\/pages\/214\/revisions"}],"predecessor-version":[{"id":235,"href":"https:\/\/happycountry-tarare.fr\/index.php\/wp-json\/wp\/v2\/pages\/214\/revisions\/235"}],"up":[{"embeddable":true,"href":"https:\/\/happycountry-tarare.fr\/index.php\/wp-json\/wp\/v2\/pages\/66"}],"wp:attachment":[{"href":"https:\/\/happycountry-tarare.fr\/index.php\/wp-json\/wp\/v2\/media?parent=214"}],"curies":[{"name":"wp","href":"https:\/\/api.w.org\/{rel}","templated":true}]}}