{"id":34,"date":"2024-07-19T13:55:58","date_gmt":"2024-07-19T12:55:58","guid":{"rendered":"http:\/\/192.168.1.25\/?page_id=34"},"modified":"2025-07-16T11:23:23","modified_gmt":"2025-07-16T09:23:23","slug":"les-tarifs","status":"publish","type":"page","link":"https:\/\/happycountry-tarare.fr\/index.php\/les-cours\/les-tarifs\/","title":{"rendered":"Les tarifs"},"content":{"rendered":"\n<p>Les tarifs sont \u00e0 l&rsquo;ann\u00e9e est son valable pour 1 ou 2 heures.<br>                  60 euros pour l&rsquo;activit\u00e9 par personnes + 50 euros cotisation CSAN (\u00e0 payer une seule fois si plusieurs activit\u00e9s).<\/p>\n","protected":false},"excerpt":{"rendered":"<p>Les tarifs sont \u00e0 l&rsquo;ann\u00e9e est son valable pour 1 ou 2 heures. 60 euros pour l&rsquo;activit\u00e9 par personnes + 50 euros cotisation CSAN (\u00e0 payer une seule fois si plusieurs activit\u00e9s).<\/p>\n","protected":false},"author":2,"featured_media":0,"parent":30,"menu_order":1,"comment_status":"open","ping_status":"closed","template":"","meta":{"footnotes":""},"class_list":["post-34","page","type-page","status-publish","hentry"],"yoast_head":"<!-- This site is optimized with the Yoast SEO plugin v25.9 - https:\/\/yoast.com\/wordpress\/plugins\/seo\/ -->\n<title>Les tarifs - Happy Country Tarare<\/title>\n<meta name=\"robots\" content=\"index, follow, max-snippet:-1, max-image-preview:large, max-video-preview:-1\" \/>\n<link rel=\"canonical\" href=\"https:\/\/happycountry-tarare.fr\/index.php\/les-cours\/les-tarifs\/\" \/>\n<meta property=\"og:locale\" content=\"fr_FR\" \/>\n<meta property=\"og:type\" content=\"article\" \/>\n<meta property=\"og:title\" content=\"Les tarifs - Happy Country Tarare\" \/>\n<meta property=\"og:description\" content=\"Les tarifs sont \u00e0 l&rsquo;ann\u00e9e est son valable pour 1 ou 2 heures. 60 euros pour l&rsquo;activit\u00e9 par personnes + 50 euros cotisation CSAN (\u00e0 payer une seule fois si plusieurs activit\u00e9s).\" \/>\n<meta property=\"og:url\" content=\"https:\/\/happycountry-tarare.fr\/index.php\/les-cours\/les-tarifs\/\" \/>\n<meta property=\"og:site_name\" content=\"Happy Country Tarare\" \/>\n<meta property=\"article:modified_time\" content=\"2025-07-16T09:23:23+00:00\" \/>\n<meta property=\"og:image\" content=\"https:\/\/happycountry-tarare.fr\/wp-content\/uploads\/2024\/08\/cropped-LogoTarare-blanc.png\" \/>\n\t<meta property=\"og:image:width\" content=\"411\" \/>\n\t<meta property=\"og:image:height\" content=\"249\" \/>\n\t<meta property=\"og:image:type\" content=\"image\/png\" \/>\n<meta name=\"twitter:card\" content=\"summary_large_image\" \/>\n<script type=\"application\/ld+json\" class=\"yoast-schema-graph\">{\"@context\":\"https:\/\/schema.org\",\"@graph\":[{\"@type\":\"WebPage\",\"@id\":\"https:\/\/happycountry-tarare.fr\/index.php\/les-cours\/les-tarifs\/\",\"url\":\"https:\/\/happycountry-tarare.fr\/index.php\/les-cours\/les-tarifs\/\",\"name\":\"Les tarifs - Happy Country Tarare\",\"isPartOf\":{\"@id\":\"https:\/\/happycountry-tarare.fr\/#website\"},\"datePublished\":\"2024-07-19T12:55:58+00:00\",\"dateModified\":\"2025-07-16T09:23:23+00:00\",\"breadcrumb\":{\"@id\":\"https:\/\/happycountry-tarare.fr\/index.php\/les-cours\/les-tarifs\/#breadcrumb\"},\"inLanguage\":\"fr-FR\",\"potentialAction\":[{\"@type\":\"ReadAction\",\"target\":[\"https:\/\/happycountry-tarare.fr\/index.php\/les-cours\/les-tarifs\/\"]}]},{\"@type\":\"BreadcrumbList\",\"@id\":\"https:\/\/happycountry-tarare.fr\/index.php\/les-cours\/les-tarifs\/#breadcrumb\",\"itemListElement\":[{\"@type\":\"ListItem\",\"position\":1,\"name\":\"Accueil\",\"item\":\"https:\/\/happycountry-tarare.fr\/\"},{\"@type\":\"ListItem\",\"position\":2,\"name\":\"LES COURS\",\"item\":\"https:\/\/happycountry-tarare.fr\/index.php\/les-cours\/\"},{\"@type\":\"ListItem\",\"position\":3,\"name\":\"Les tarifs\"}]},{\"@type\":\"WebSite\",\"@id\":\"https:\/\/happycountry-tarare.fr\/#website\",\"url\":\"https:\/\/happycountry-tarare.fr\/\",\"name\":\"Happy Country Tarare\",\"description\":\"\",\"publisher\":{\"@id\":\"https:\/\/happycountry-tarare.fr\/#organization\"},\"potentialAction\":[{\"@type\":\"SearchAction\",\"target\":{\"@type\":\"EntryPoint\",\"urlTemplate\":\"https:\/\/happycountry-tarare.fr\/?s={search_term_string}\"},\"query-input\":{\"@type\":\"PropertyValueSpecification\",\"valueRequired\":true,\"valueName\":\"search_term_string\"}}],\"inLanguage\":\"fr-FR\"},{\"@type\":\"Organization\",\"@id\":\"https:\/\/happycountry-tarare.fr\/#organization\",\"name\":\"Happy Country Tarare\",\"url\":\"https:\/\/happycountry-tarare.fr\/\",\"logo\":{\"@type\":\"ImageObject\",\"inLanguage\":\"fr-FR\",\"@id\":\"https:\/\/happycountry-tarare.fr\/#\/schema\/logo\/image\/\",\"url\":\"https:\/\/happycountry-tarare.fr\/wp-content\/uploads\/2024\/08\/cropped-LogoTarare-blanc.png\",\"contentUrl\":\"https:\/\/happycountry-tarare.fr\/wp-content\/uploads\/2024\/08\/cropped-LogoTarare-blanc.png\",\"width\":411,\"height\":249,\"caption\":\"Happy Country Tarare\"},\"image\":{\"@id\":\"https:\/\/happycountry-tarare.fr\/#\/schema\/logo\/image\/\"}}]}<\/script>\n<!-- \/ Yoast SEO plugin. -->","yoast_head_json":{"title":"Les tarifs - Happy Country Tarare","robots":{"index":"index","follow":"follow","max-snippet":"max-snippet:-1","max-image-preview":"max-image-preview:large","max-video-preview":"max-video-preview:-1"},"canonical":"https:\/\/happycountry-tarare.fr\/index.php\/les-cours\/les-tarifs\/","og_locale":"fr_FR","og_type":"article","og_title":"Les tarifs - Happy Country Tarare","og_description":"Les tarifs sont \u00e0 l&rsquo;ann\u00e9e est son valable pour 1 ou 2 heures. 60 euros pour l&rsquo;activit\u00e9 par personnes + 50 euros cotisation CSAN (\u00e0 payer une seule fois si plusieurs activit\u00e9s).","og_url":"https:\/\/happycountry-tarare.fr\/index.php\/les-cours\/les-tarifs\/","og_site_name":"Happy Country Tarare","article_modified_time":"2025-07-16T09:23:23+00:00","og_image":[{"width":411,"height":249,"url":"https:\/\/happycountry-tarare.fr\/wp-content\/uploads\/2024\/08\/cropped-LogoTarare-blanc.png","type":"image\/png"}],"twitter_card":"summary_large_image","schema":{"@context":"https:\/\/schema.org","@graph":[{"@type":"WebPage","@id":"https:\/\/happycountry-tarare.fr\/index.php\/les-cours\/les-tarifs\/","url":"https:\/\/happycountry-tarare.fr\/index.php\/les-cours\/les-tarifs\/","name":"Les tarifs - Happy Country Tarare","isPartOf":{"@id":"https:\/\/happycountry-tarare.fr\/#website"},"datePublished":"2024-07-19T12:55:58+00:00","dateModified":"2025-07-16T09:23:23+00:00","breadcrumb":{"@id":"https:\/\/happycountry-tarare.fr\/index.php\/les-cours\/les-tarifs\/#breadcrumb"},"inLanguage":"fr-FR","potentialAction":[{"@type":"ReadAction","target":["https:\/\/happycountry-tarare.fr\/index.php\/les-cours\/les-tarifs\/"]}]},{"@type":"BreadcrumbList","@id":"https:\/\/happycountry-tarare.fr\/index.php\/les-cours\/les-tarifs\/#breadcrumb","itemListElement":[{"@type":"ListItem","position":1,"name":"Accueil","item":"https:\/\/happycountry-tarare.fr\/"},{"@type":"ListItem","position":2,"name":"LES COURS","item":"https:\/\/happycountry-tarare.fr\/index.php\/les-cours\/"},{"@type":"ListItem","position":3,"name":"Les tarifs"}]},{"@type":"WebSite","@id":"https:\/\/happycountry-tarare.fr\/#website","url":"https:\/\/happycountry-tarare.fr\/","name":"Happy Country Tarare","description":"","publisher":{"@id":"https:\/\/happycountry-tarare.fr\/#organization"},"potentialAction":[{"@type":"SearchAction","target":{"@type":"EntryPoint","urlTemplate":"https:\/\/happycountry-tarare.fr\/?s={search_term_string}"},"query-input":{"@type":"PropertyValueSpecification","valueRequired":true,"valueName":"search_term_string"}}],"inLanguage":"fr-FR"},{"@type":"Organization","@id":"https:\/\/happycountry-tarare.fr\/#organization","name":"Happy Country Tarare","url":"https:\/\/happycountry-tarare.fr\/","logo":{"@type":"ImageObject","inLanguage":"fr-FR","@id":"https:\/\/happycountry-tarare.fr\/#\/schema\/logo\/image\/","url":"https:\/\/happycountry-tarare.fr\/wp-content\/uploads\/2024\/08\/cropped-LogoTarare-blanc.png","contentUrl":"https:\/\/happycountry-tarare.fr\/wp-content\/uploads\/2024\/08\/cropped-LogoTarare-blanc.png","width":411,"height":249,"caption":"Happy Country Tarare"},"image":{"@id":"https:\/\/happycountry-tarare.fr\/#\/schema\/logo\/image\/"}}]}},"_links":{"self":[{"href":"https:\/\/happycountry-tarare.fr\/index.php\/wp-json\/wp\/v2\/pages\/34","targetHints":{"allow":["GET"]}}],"collection":[{"href":"https:\/\/happycountry-tarare.fr\/index.php\/wp-json\/wp\/v2\/pages"}],"about":[{"href":"https:\/\/happycountry-tarare.fr\/index.php\/wp-json\/wp\/v2\/types\/page"}],"author":[{"embeddable":true,"href":"https:\/\/happycountry-tarare.fr\/index.php\/wp-json\/wp\/v2\/users\/2"}],"replies":[{"embeddable":true,"href":"https:\/\/happycountry-tarare.fr\/index.php\/wp-json\/wp\/v2\/comments?post=34"}],"version-history":[{"count":1,"href":"https:\/\/happycountry-tarare.fr\/index.php\/wp-json\/wp\/v2\/pages\/34\/revisions"}],"predecessor-version":[{"id":241,"href":"https:\/\/happycountry-tarare.fr\/index.php\/wp-json\/wp\/v2\/pages\/34\/revisions\/241"}],"up":[{"embeddable":true,"href":"https:\/\/happycountry-tarare.fr\/index.php\/wp-json\/wp\/v2\/pages\/30"}],"wp:attachment":[{"href":"https:\/\/happycountry-tarare.fr\/index.php\/wp-json\/wp\/v2\/media?parent=34"}],"curies":[{"name":"wp","href":"https:\/\/api.w.org\/{rel}","templated":true}]}}