{"id":41,"date":"2024-07-19T14:04:34","date_gmt":"2024-07-19T13:04:34","guid":{"rendered":"http:\/\/192.168.1.25\/?page_id=41"},"modified":"2025-07-16T11:23:30","modified_gmt":"2025-07-16T09:23:30","slug":"choregraphies","status":"publish","type":"page","link":"https:\/\/happycountry-tarare.fr\/index.php\/choregraphies\/","title":{"rendered":"CHOREGRAPHIES"},"content":{"rendered":"\n<p>Cette page est pour permettre de retrouver les chor\u00e9graphies apprises pendant les cours.<br>Vous y trouverez, les vid\u00e9os d&rsquo;apprentissage et les fiches chor\u00e9graphiques ainsi que les musiques.<br>Pour avoir les fiches chor\u00e9graphiques il faut cliquer sur le nom de la danse.<\/p>\n\n\n\n<p><\/p>\n","protected":false},"excerpt":{"rendered":"<p>Cette page est pour permettre de retrouver les chor\u00e9graphies apprises pendant les cours.Vous y trouverez, les vid\u00e9os d&rsquo;apprentissage et les fiches chor\u00e9graphiques ainsi que les musiques.Pour avoir les fiches chor\u00e9graphiques il faut cliquer sur le nom de la danse.<\/p>\n","protected":false},"author":2,"featured_media":0,"parent":0,"menu_order":2,"comment_status":"open","ping_status":"closed","template":"","meta":{"footnotes":""},"class_list":["post-41","page","type-page","status-publish","hentry"],"yoast_head":"<!-- This site is optimized with the Yoast SEO plugin v25.9 - https:\/\/yoast.com\/wordpress\/plugins\/seo\/ -->\n<title>CHOREGRAPHIES - Happy Country Tarare<\/title>\n<meta name=\"robots\" content=\"index, follow, max-snippet:-1, max-image-preview:large, max-video-preview:-1\" \/>\n<link rel=\"canonical\" href=\"https:\/\/happycountry-tarare.fr\/index.php\/choregraphies\/\" \/>\n<meta property=\"og:locale\" content=\"fr_FR\" \/>\n<meta property=\"og:type\" content=\"article\" \/>\n<meta property=\"og:title\" content=\"CHOREGRAPHIES - Happy Country Tarare\" \/>\n<meta property=\"og:description\" content=\"Cette page est pour permettre de retrouver les chor\u00e9graphies apprises pendant les cours.Vous y trouverez, les vid\u00e9os d&rsquo;apprentissage et les fiches chor\u00e9graphiques ainsi que les musiques.Pour avoir les fiches chor\u00e9graphiques il faut cliquer sur le nom de la danse.\" \/>\n<meta property=\"og:url\" content=\"https:\/\/happycountry-tarare.fr\/index.php\/choregraphies\/\" \/>\n<meta property=\"og:site_name\" content=\"Happy Country Tarare\" \/>\n<meta property=\"article:modified_time\" content=\"2025-07-16T09:23:30+00:00\" \/>\n<meta property=\"og:image\" content=\"https:\/\/happycountry-tarare.fr\/wp-content\/uploads\/2024\/08\/cropped-LogoTarare-blanc.png\" \/>\n\t<meta property=\"og:image:width\" content=\"411\" \/>\n\t<meta property=\"og:image:height\" content=\"249\" \/>\n\t<meta property=\"og:image:type\" content=\"image\/png\" \/>\n<meta name=\"twitter:card\" content=\"summary_large_image\" \/>\n<meta name=\"twitter:label1\" content=\"Dur\u00e9e de lecture estim\u00e9e\" \/>\n\t<meta name=\"twitter:data1\" content=\"1 minute\" \/>\n<script type=\"application\/ld+json\" class=\"yoast-schema-graph\">{\"@context\":\"https:\/\/schema.org\",\"@graph\":[{\"@type\":\"WebPage\",\"@id\":\"https:\/\/happycountry-tarare.fr\/index.php\/choregraphies\/\",\"url\":\"https:\/\/happycountry-tarare.fr\/index.php\/choregraphies\/\",\"name\":\"CHOREGRAPHIES - Happy Country Tarare\",\"isPartOf\":{\"@id\":\"https:\/\/happycountry-tarare.fr\/#website\"},\"datePublished\":\"2024-07-19T13:04:34+00:00\",\"dateModified\":\"2025-07-16T09:23:30+00:00\",\"breadcrumb\":{\"@id\":\"https:\/\/happycountry-tarare.fr\/index.php\/choregraphies\/#breadcrumb\"},\"inLanguage\":\"fr-FR\",\"potentialAction\":[{\"@type\":\"ReadAction\",\"target\":[\"https:\/\/happycountry-tarare.fr\/index.php\/choregraphies\/\"]}]},{\"@type\":\"BreadcrumbList\",\"@id\":\"https:\/\/happycountry-tarare.fr\/index.php\/choregraphies\/#breadcrumb\",\"itemListElement\":[{\"@type\":\"ListItem\",\"position\":1,\"name\":\"Accueil\",\"item\":\"https:\/\/happycountry-tarare.fr\/\"},{\"@type\":\"ListItem\",\"position\":2,\"name\":\"CHOREGRAPHIES\"}]},{\"@type\":\"WebSite\",\"@id\":\"https:\/\/happycountry-tarare.fr\/#website\",\"url\":\"https:\/\/happycountry-tarare.fr\/\",\"name\":\"Happy Country Tarare\",\"description\":\"\",\"publisher\":{\"@id\":\"https:\/\/happycountry-tarare.fr\/#organization\"},\"potentialAction\":[{\"@type\":\"SearchAction\",\"target\":{\"@type\":\"EntryPoint\",\"urlTemplate\":\"https:\/\/happycountry-tarare.fr\/?s={search_term_string}\"},\"query-input\":{\"@type\":\"PropertyValueSpecification\",\"valueRequired\":true,\"valueName\":\"search_term_string\"}}],\"inLanguage\":\"fr-FR\"},{\"@type\":\"Organization\",\"@id\":\"https:\/\/happycountry-tarare.fr\/#organization\",\"name\":\"Happy Country Tarare\",\"url\":\"https:\/\/happycountry-tarare.fr\/\",\"logo\":{\"@type\":\"ImageObject\",\"inLanguage\":\"fr-FR\",\"@id\":\"https:\/\/happycountry-tarare.fr\/#\/schema\/logo\/image\/\",\"url\":\"https:\/\/happycountry-tarare.fr\/wp-content\/uploads\/2024\/08\/cropped-LogoTarare-blanc.png\",\"contentUrl\":\"https:\/\/happycountry-tarare.fr\/wp-content\/uploads\/2024\/08\/cropped-LogoTarare-blanc.png\",\"width\":411,\"height\":249,\"caption\":\"Happy Country Tarare\"},\"image\":{\"@id\":\"https:\/\/happycountry-tarare.fr\/#\/schema\/logo\/image\/\"}}]}<\/script>\n<!-- \/ Yoast SEO plugin. -->","yoast_head_json":{"title":"CHOREGRAPHIES - Happy Country Tarare","robots":{"index":"index","follow":"follow","max-snippet":"max-snippet:-1","max-image-preview":"max-image-preview:large","max-video-preview":"max-video-preview:-1"},"canonical":"https:\/\/happycountry-tarare.fr\/index.php\/choregraphies\/","og_locale":"fr_FR","og_type":"article","og_title":"CHOREGRAPHIES - Happy Country Tarare","og_description":"Cette page est pour permettre de retrouver les chor\u00e9graphies apprises pendant les cours.Vous y trouverez, les vid\u00e9os d&rsquo;apprentissage et les fiches chor\u00e9graphiques ainsi que les musiques.Pour avoir les fiches chor\u00e9graphiques il faut cliquer sur le nom de la danse.","og_url":"https:\/\/happycountry-tarare.fr\/index.php\/choregraphies\/","og_site_name":"Happy Country Tarare","article_modified_time":"2025-07-16T09:23:30+00:00","og_image":[{"width":411,"height":249,"url":"https:\/\/happycountry-tarare.fr\/wp-content\/uploads\/2024\/08\/cropped-LogoTarare-blanc.png","type":"image\/png"}],"twitter_card":"summary_large_image","twitter_misc":{"Dur\u00e9e de lecture estim\u00e9e":"1 minute"},"schema":{"@context":"https:\/\/schema.org","@graph":[{"@type":"WebPage","@id":"https:\/\/happycountry-tarare.fr\/index.php\/choregraphies\/","url":"https:\/\/happycountry-tarare.fr\/index.php\/choregraphies\/","name":"CHOREGRAPHIES - Happy Country Tarare","isPartOf":{"@id":"https:\/\/happycountry-tarare.fr\/#website"},"datePublished":"2024-07-19T13:04:34+00:00","dateModified":"2025-07-16T09:23:30+00:00","breadcrumb":{"@id":"https:\/\/happycountry-tarare.fr\/index.php\/choregraphies\/#breadcrumb"},"inLanguage":"fr-FR","potentialAction":[{"@type":"ReadAction","target":["https:\/\/happycountry-tarare.fr\/index.php\/choregraphies\/"]}]},{"@type":"BreadcrumbList","@id":"https:\/\/happycountry-tarare.fr\/index.php\/choregraphies\/#breadcrumb","itemListElement":[{"@type":"ListItem","position":1,"name":"Accueil","item":"https:\/\/happycountry-tarare.fr\/"},{"@type":"ListItem","position":2,"name":"CHOREGRAPHIES"}]},{"@type":"WebSite","@id":"https:\/\/happycountry-tarare.fr\/#website","url":"https:\/\/happycountry-tarare.fr\/","name":"Happy Country Tarare","description":"","publisher":{"@id":"https:\/\/happycountry-tarare.fr\/#organization"},"potentialAction":[{"@type":"SearchAction","target":{"@type":"EntryPoint","urlTemplate":"https:\/\/happycountry-tarare.fr\/?s={search_term_string}"},"query-input":{"@type":"PropertyValueSpecification","valueRequired":true,"valueName":"search_term_string"}}],"inLanguage":"fr-FR"},{"@type":"Organization","@id":"https:\/\/happycountry-tarare.fr\/#organization","name":"Happy Country Tarare","url":"https:\/\/happycountry-tarare.fr\/","logo":{"@type":"ImageObject","inLanguage":"fr-FR","@id":"https:\/\/happycountry-tarare.fr\/#\/schema\/logo\/image\/","url":"https:\/\/happycountry-tarare.fr\/wp-content\/uploads\/2024\/08\/cropped-LogoTarare-blanc.png","contentUrl":"https:\/\/happycountry-tarare.fr\/wp-content\/uploads\/2024\/08\/cropped-LogoTarare-blanc.png","width":411,"height":249,"caption":"Happy Country Tarare"},"image":{"@id":"https:\/\/happycountry-tarare.fr\/#\/schema\/logo\/image\/"}}]}},"_links":{"self":[{"href":"https:\/\/happycountry-tarare.fr\/index.php\/wp-json\/wp\/v2\/pages\/41","targetHints":{"allow":["GET"]}}],"collection":[{"href":"https:\/\/happycountry-tarare.fr\/index.php\/wp-json\/wp\/v2\/pages"}],"about":[{"href":"https:\/\/happycountry-tarare.fr\/index.php\/wp-json\/wp\/v2\/types\/page"}],"author":[{"embeddable":true,"href":"https:\/\/happycountry-tarare.fr\/index.php\/wp-json\/wp\/v2\/users\/2"}],"replies":[{"embeddable":true,"href":"https:\/\/happycountry-tarare.fr\/index.php\/wp-json\/wp\/v2\/comments?post=41"}],"version-history":[{"count":3,"href":"https:\/\/happycountry-tarare.fr\/index.php\/wp-json\/wp\/v2\/pages\/41\/revisions"}],"predecessor-version":[{"id":183,"href":"https:\/\/happycountry-tarare.fr\/index.php\/wp-json\/wp\/v2\/pages\/41\/revisions\/183"}],"wp:attachment":[{"href":"https:\/\/happycountry-tarare.fr\/index.php\/wp-json\/wp\/v2\/media?parent=41"}],"curies":[{"name":"wp","href":"https:\/\/api.w.org\/{rel}","templated":true}]}}