{"id":72,"date":"2024-07-19T14:45:57","date_gmt":"2024-07-19T13:45:57","guid":{"rendered":"http:\/\/192.168.1.25\/?page_id=72"},"modified":"2025-07-16T10:50:51","modified_gmt":"2025-07-16T08:50:51","slug":"cinema-de-tarare","status":"publish","type":"page","link":"https:\/\/happycountry-tarare.fr\/index.php\/souvenirs\/cinema-de-tarare\/","title":{"rendered":"Cin\u00e9ma De Tarare"},"content":{"rendered":"\n<p>C&rsquo;\u00e9tait la 1\u00e8re d\u00e9monstration faite lors d&rsquo;un week end Western organis\u00e9 par le Cin\u00e9 de Tarare. On q eu la chance de pouvoir montrer la danse country. <\/p>\n\n\n\n<p>Moment de R\u00e9p\u00e9tition avant le \u00ab\u00a0show\u00a0\u00bb <\/p>\n\n\n\n<figure class=\"wp-block-image size-large is-resized\"><img loading=\"lazy\" decoding=\"async\" width=\"1024\" height=\"683\" src=\"https:\/\/happycountry-tarare.fr\/wp-content\/uploads\/2025\/07\/240427_TARARE_WESTERN_-6-copie-1024x683.jpg\" alt=\"\" class=\"wp-image-202\" style=\"width:312px;height:auto\" srcset=\"https:\/\/happycountry-tarare.fr\/wp-content\/uploads\/2025\/07\/240427_TARARE_WESTERN_-6-copie-1024x683.jpg 1024w, https:\/\/happycountry-tarare.fr\/wp-content\/uploads\/2025\/07\/240427_TARARE_WESTERN_-6-copie-300x200.jpg 300w, https:\/\/happycountry-tarare.fr\/wp-content\/uploads\/2025\/07\/240427_TARARE_WESTERN_-6-copie-768x512.jpg 768w, https:\/\/happycountry-tarare.fr\/wp-content\/uploads\/2025\/07\/240427_TARARE_WESTERN_-6-copie-1536x1024.jpg 1536w, https:\/\/happycountry-tarare.fr\/wp-content\/uploads\/2025\/07\/240427_TARARE_WESTERN_-6-copie-2048x1365.jpg 2048w\" sizes=\"auto, (max-width: 1024px) 100vw, 1024px\" \/><\/figure>\n\n\n\n<figure class=\"wp-block-image size-large is-resized\"><img loading=\"lazy\" decoding=\"async\" width=\"1024\" height=\"683\" src=\"https:\/\/happycountry-tarare.fr\/wp-content\/uploads\/2025\/07\/240427_TARARE_WESTERN_-1-copie-1024x683.jpg\" alt=\"\" class=\"wp-image-201\" style=\"width:306px;height:auto\" srcset=\"https:\/\/happycountry-tarare.fr\/wp-content\/uploads\/2025\/07\/240427_TARARE_WESTERN_-1-copie-1024x683.jpg 1024w, https:\/\/happycountry-tarare.fr\/wp-content\/uploads\/2025\/07\/240427_TARARE_WESTERN_-1-copie-300x200.jpg 300w, https:\/\/happycountry-tarare.fr\/wp-content\/uploads\/2025\/07\/240427_TARARE_WESTERN_-1-copie-768x512.jpg 768w, https:\/\/happycountry-tarare.fr\/wp-content\/uploads\/2025\/07\/240427_TARARE_WESTERN_-1-copie-1536x1024.jpg 1536w, https:\/\/happycountry-tarare.fr\/wp-content\/uploads\/2025\/07\/240427_TARARE_WESTERN_-1-copie-2048x1365.jpg 2048w\" sizes=\"auto, (max-width: 1024px) 100vw, 1024px\" \/><\/figure>\n\n\n\n<p>Presque tous les danseurs<\/p>\n\n\n\n<figure class=\"wp-block-image size-large\"><img loading=\"lazy\" decoding=\"async\" width=\"1024\" height=\"683\" src=\"https:\/\/happycountry-tarare.fr\/wp-content\/uploads\/2025\/07\/240427_TARARE_WESTERN_-10-copie-1024x683.jpg\" alt=\"\" class=\"wp-image-203\" srcset=\"https:\/\/happycountry-tarare.fr\/wp-content\/uploads\/2025\/07\/240427_TARARE_WESTERN_-10-copie-1024x683.jpg 1024w, https:\/\/happycountry-tarare.fr\/wp-content\/uploads\/2025\/07\/240427_TARARE_WESTERN_-10-copie-300x200.jpg 300w, https:\/\/happycountry-tarare.fr\/wp-content\/uploads\/2025\/07\/240427_TARARE_WESTERN_-10-copie-768x512.jpg 768w, https:\/\/happycountry-tarare.fr\/wp-content\/uploads\/2025\/07\/240427_TARARE_WESTERN_-10-copie-1536x1024.jpg 1536w, https:\/\/happycountry-tarare.fr\/wp-content\/uploads\/2025\/07\/240427_TARARE_WESTERN_-10-copie-2048x1365.jpg 2048w\" sizes=\"auto, (max-width: 1024px) 100vw, 1024px\" \/><\/figure>\n\n\n\n<p>La d\u00e9mo avec peu de place, la il fallait vraiment faire de petits pas \ud83d\ude42<\/p>\n\n\n\n<figure class=\"wp-block-image size-large is-resized\"><img loading=\"lazy\" decoding=\"async\" width=\"1024\" height=\"683\" src=\"https:\/\/happycountry-tarare.fr\/wp-content\/uploads\/2025\/07\/240427_TARARE_WESTERN_-14-copie-1024x683.jpg\" alt=\"\" class=\"wp-image-204\" style=\"width:354px;height:auto\" srcset=\"https:\/\/happycountry-tarare.fr\/wp-content\/uploads\/2025\/07\/240427_TARARE_WESTERN_-14-copie-1024x683.jpg 1024w, https:\/\/happycountry-tarare.fr\/wp-content\/uploads\/2025\/07\/240427_TARARE_WESTERN_-14-copie-300x200.jpg 300w, https:\/\/happycountry-tarare.fr\/wp-content\/uploads\/2025\/07\/240427_TARARE_WESTERN_-14-copie-768x512.jpg 768w, https:\/\/happycountry-tarare.fr\/wp-content\/uploads\/2025\/07\/240427_TARARE_WESTERN_-14-copie-1536x1024.jpg 1536w, https:\/\/happycountry-tarare.fr\/wp-content\/uploads\/2025\/07\/240427_TARARE_WESTERN_-14-copie-2048x1365.jpg 2048w\" sizes=\"auto, (max-width: 1024px) 100vw, 1024px\" \/><\/figure>\n\n\n\n<figure class=\"wp-block-image size-large is-resized\"><img loading=\"lazy\" decoding=\"async\" width=\"1024\" height=\"683\" src=\"https:\/\/happycountry-tarare.fr\/wp-content\/uploads\/2025\/07\/240427_TARARE_WESTERN_-19-copie-1024x683.jpg\" alt=\"\" class=\"wp-image-205\" style=\"width:361px;height:auto\" srcset=\"https:\/\/happycountry-tarare.fr\/wp-content\/uploads\/2025\/07\/240427_TARARE_WESTERN_-19-copie-1024x683.jpg 1024w, https:\/\/happycountry-tarare.fr\/wp-content\/uploads\/2025\/07\/240427_TARARE_WESTERN_-19-copie-300x200.jpg 300w, https:\/\/happycountry-tarare.fr\/wp-content\/uploads\/2025\/07\/240427_TARARE_WESTERN_-19-copie-768x512.jpg 768w, https:\/\/happycountry-tarare.fr\/wp-content\/uploads\/2025\/07\/240427_TARARE_WESTERN_-19-copie-1536x1024.jpg 1536w, https:\/\/happycountry-tarare.fr\/wp-content\/uploads\/2025\/07\/240427_TARARE_WESTERN_-19-copie-2048x1365.jpg 2048w\" sizes=\"auto, (max-width: 1024px) 100vw, 1024px\" \/><\/figure>\n\n\n\n<p>Et en prime un article dans le journal (merci \u00e0 Marc)<\/p>\n\n\n\n<figure class=\"wp-block-image size-full\"><img loading=\"lazy\" decoding=\"async\" width=\"891\" height=\"703\" src=\"https:\/\/happycountry-tarare.fr\/wp-content\/uploads\/2025\/07\/240502_2.jpg\" alt=\"\" class=\"wp-image-206\" srcset=\"https:\/\/happycountry-tarare.fr\/wp-content\/uploads\/2025\/07\/240502_2.jpg 891w, https:\/\/happycountry-tarare.fr\/wp-content\/uploads\/2025\/07\/240502_2-300x237.jpg 300w, https:\/\/happycountry-tarare.fr\/wp-content\/uploads\/2025\/07\/240502_2-768x606.jpg 768w\" sizes=\"auto, (max-width: 891px) 100vw, 891px\" \/><\/figure>\n\n\n\n<p><\/p>\n","protected":false},"excerpt":{"rendered":"<p>C&rsquo;\u00e9tait la 1\u00e8re d\u00e9monstration faite lors d&rsquo;un week end Western organis\u00e9 par le Cin\u00e9 de Tarare. On q eu la chance de pouvoir montrer la danse country. Moment de R\u00e9p\u00e9tition avant le \u00ab\u00a0show\u00a0\u00bb Presque tous les danseurs La d\u00e9mo avec peu de place, la il fallait vraiment faire de petits pas \ud83d\ude42 Et en prime [&hellip;]<\/p>\n","protected":false},"author":2,"featured_media":0,"parent":66,"menu_order":1,"comment_status":"open","ping_status":"closed","template":"","meta":{"footnotes":""},"class_list":["post-72","page","type-page","status-publish","hentry"],"yoast_head":"<!-- This site is optimized with the Yoast SEO plugin v25.9 - https:\/\/yoast.com\/wordpress\/plugins\/seo\/ -->\n<title>Cin\u00e9ma De Tarare - Happy Country Tarare<\/title>\n<meta name=\"robots\" content=\"index, follow, max-snippet:-1, max-image-preview:large, max-video-preview:-1\" \/>\n<link rel=\"canonical\" href=\"https:\/\/happycountry-tarare.fr\/index.php\/souvenirs\/cinema-de-tarare\/\" \/>\n<meta property=\"og:locale\" content=\"fr_FR\" \/>\n<meta property=\"og:type\" content=\"article\" \/>\n<meta property=\"og:title\" content=\"Cin\u00e9ma De Tarare - Happy Country Tarare\" \/>\n<meta property=\"og:description\" content=\"C&rsquo;\u00e9tait la 1\u00e8re d\u00e9monstration faite lors d&rsquo;un week end Western organis\u00e9 par le Cin\u00e9 de Tarare. On q eu la chance de pouvoir montrer la danse country. Moment de R\u00e9p\u00e9tition avant le \u00ab\u00a0show\u00a0\u00bb Presque tous les danseurs La d\u00e9mo avec peu de place, la il fallait vraiment faire de petits pas \ud83d\ude42 Et en prime [&hellip;]\" \/>\n<meta property=\"og:url\" content=\"https:\/\/happycountry-tarare.fr\/index.php\/souvenirs\/cinema-de-tarare\/\" \/>\n<meta property=\"og:site_name\" content=\"Happy Country Tarare\" \/>\n<meta property=\"article:modified_time\" content=\"2025-07-16T08:50:51+00:00\" \/>\n<meta property=\"og:image\" content=\"https:\/\/happycountry-tarare.fr\/wp-content\/uploads\/2025\/07\/240427_TARARE_WESTERN_-6-copie-scaled.jpg\" \/>\n\t<meta property=\"og:image:width\" content=\"2560\" \/>\n\t<meta property=\"og:image:height\" content=\"1707\" \/>\n\t<meta property=\"og:image:type\" content=\"image\/jpeg\" \/>\n<meta name=\"twitter:card\" content=\"summary_large_image\" \/>\n<meta name=\"twitter:label1\" content=\"Dur\u00e9e de lecture estim\u00e9e\" \/>\n\t<meta name=\"twitter:data1\" content=\"2 minutes\" \/>\n<script type=\"application\/ld+json\" class=\"yoast-schema-graph\">{\"@context\":\"https:\/\/schema.org\",\"@graph\":[{\"@type\":\"WebPage\",\"@id\":\"https:\/\/happycountry-tarare.fr\/index.php\/souvenirs\/cinema-de-tarare\/\",\"url\":\"https:\/\/happycountry-tarare.fr\/index.php\/souvenirs\/cinema-de-tarare\/\",\"name\":\"Cin\u00e9ma De Tarare - Happy Country Tarare\",\"isPartOf\":{\"@id\":\"https:\/\/happycountry-tarare.fr\/#website\"},\"primaryImageOfPage\":{\"@id\":\"https:\/\/happycountry-tarare.fr\/index.php\/souvenirs\/cinema-de-tarare\/#primaryimage\"},\"image\":{\"@id\":\"https:\/\/happycountry-tarare.fr\/index.php\/souvenirs\/cinema-de-tarare\/#primaryimage\"},\"thumbnailUrl\":\"https:\/\/happycountry-tarare.fr\/wp-content\/uploads\/2025\/07\/240427_TARARE_WESTERN_-6-copie-1024x683.jpg\",\"datePublished\":\"2024-07-19T13:45:57+00:00\",\"dateModified\":\"2025-07-16T08:50:51+00:00\",\"breadcrumb\":{\"@id\":\"https:\/\/happycountry-tarare.fr\/index.php\/souvenirs\/cinema-de-tarare\/#breadcrumb\"},\"inLanguage\":\"fr-FR\",\"potentialAction\":[{\"@type\":\"ReadAction\",\"target\":[\"https:\/\/happycountry-tarare.fr\/index.php\/souvenirs\/cinema-de-tarare\/\"]}]},{\"@type\":\"ImageObject\",\"inLanguage\":\"fr-FR\",\"@id\":\"https:\/\/happycountry-tarare.fr\/index.php\/souvenirs\/cinema-de-tarare\/#primaryimage\",\"url\":\"https:\/\/happycountry-tarare.fr\/wp-content\/uploads\/2025\/07\/240427_TARARE_WESTERN_-6-copie-scaled.jpg\",\"contentUrl\":\"https:\/\/happycountry-tarare.fr\/wp-content\/uploads\/2025\/07\/240427_TARARE_WESTERN_-6-copie-scaled.jpg\",\"width\":2560,\"height\":1707},{\"@type\":\"BreadcrumbList\",\"@id\":\"https:\/\/happycountry-tarare.fr\/index.php\/souvenirs\/cinema-de-tarare\/#breadcrumb\",\"itemListElement\":[{\"@type\":\"ListItem\",\"position\":1,\"name\":\"Accueil\",\"item\":\"https:\/\/happycountry-tarare.fr\/\"},{\"@type\":\"ListItem\",\"position\":2,\"name\":\"SOUVENIRS\",\"item\":\"https:\/\/happycountry-tarare.fr\/index.php\/souvenirs\/\"},{\"@type\":\"ListItem\",\"position\":3,\"name\":\"Cin\u00e9ma De Tarare\"}]},{\"@type\":\"WebSite\",\"@id\":\"https:\/\/happycountry-tarare.fr\/#website\",\"url\":\"https:\/\/happycountry-tarare.fr\/\",\"name\":\"Happy Country Tarare\",\"description\":\"\",\"publisher\":{\"@id\":\"https:\/\/happycountry-tarare.fr\/#organization\"},\"potentialAction\":[{\"@type\":\"SearchAction\",\"target\":{\"@type\":\"EntryPoint\",\"urlTemplate\":\"https:\/\/happycountry-tarare.fr\/?s={search_term_string}\"},\"query-input\":{\"@type\":\"PropertyValueSpecification\",\"valueRequired\":true,\"valueName\":\"search_term_string\"}}],\"inLanguage\":\"fr-FR\"},{\"@type\":\"Organization\",\"@id\":\"https:\/\/happycountry-tarare.fr\/#organization\",\"name\":\"Happy Country Tarare\",\"url\":\"https:\/\/happycountry-tarare.fr\/\",\"logo\":{\"@type\":\"ImageObject\",\"inLanguage\":\"fr-FR\",\"@id\":\"https:\/\/happycountry-tarare.fr\/#\/schema\/logo\/image\/\",\"url\":\"https:\/\/happycountry-tarare.fr\/wp-content\/uploads\/2024\/08\/cropped-LogoTarare-blanc.png\",\"contentUrl\":\"https:\/\/happycountry-tarare.fr\/wp-content\/uploads\/2024\/08\/cropped-LogoTarare-blanc.png\",\"width\":411,\"height\":249,\"caption\":\"Happy Country Tarare\"},\"image\":{\"@id\":\"https:\/\/happycountry-tarare.fr\/#\/schema\/logo\/image\/\"}}]}<\/script>\n<!-- \/ Yoast SEO plugin. -->","yoast_head_json":{"title":"Cin\u00e9ma De Tarare - Happy Country Tarare","robots":{"index":"index","follow":"follow","max-snippet":"max-snippet:-1","max-image-preview":"max-image-preview:large","max-video-preview":"max-video-preview:-1"},"canonical":"https:\/\/happycountry-tarare.fr\/index.php\/souvenirs\/cinema-de-tarare\/","og_locale":"fr_FR","og_type":"article","og_title":"Cin\u00e9ma De Tarare - Happy Country Tarare","og_description":"C&rsquo;\u00e9tait la 1\u00e8re d\u00e9monstration faite lors d&rsquo;un week end Western organis\u00e9 par le Cin\u00e9 de Tarare. On q eu la chance de pouvoir montrer la danse country. Moment de R\u00e9p\u00e9tition avant le \u00ab\u00a0show\u00a0\u00bb Presque tous les danseurs La d\u00e9mo avec peu de place, la il fallait vraiment faire de petits pas \ud83d\ude42 Et en prime [&hellip;]","og_url":"https:\/\/happycountry-tarare.fr\/index.php\/souvenirs\/cinema-de-tarare\/","og_site_name":"Happy Country Tarare","article_modified_time":"2025-07-16T08:50:51+00:00","og_image":[{"width":2560,"height":1707,"url":"https:\/\/happycountry-tarare.fr\/wp-content\/uploads\/2025\/07\/240427_TARARE_WESTERN_-6-copie-scaled.jpg","type":"image\/jpeg"}],"twitter_card":"summary_large_image","twitter_misc":{"Dur\u00e9e de lecture estim\u00e9e":"2 minutes"},"schema":{"@context":"https:\/\/schema.org","@graph":[{"@type":"WebPage","@id":"https:\/\/happycountry-tarare.fr\/index.php\/souvenirs\/cinema-de-tarare\/","url":"https:\/\/happycountry-tarare.fr\/index.php\/souvenirs\/cinema-de-tarare\/","name":"Cin\u00e9ma De Tarare - Happy Country Tarare","isPartOf":{"@id":"https:\/\/happycountry-tarare.fr\/#website"},"primaryImageOfPage":{"@id":"https:\/\/happycountry-tarare.fr\/index.php\/souvenirs\/cinema-de-tarare\/#primaryimage"},"image":{"@id":"https:\/\/happycountry-tarare.fr\/index.php\/souvenirs\/cinema-de-tarare\/#primaryimage"},"thumbnailUrl":"https:\/\/happycountry-tarare.fr\/wp-content\/uploads\/2025\/07\/240427_TARARE_WESTERN_-6-copie-1024x683.jpg","datePublished":"2024-07-19T13:45:57+00:00","dateModified":"2025-07-16T08:50:51+00:00","breadcrumb":{"@id":"https:\/\/happycountry-tarare.fr\/index.php\/souvenirs\/cinema-de-tarare\/#breadcrumb"},"inLanguage":"fr-FR","potentialAction":[{"@type":"ReadAction","target":["https:\/\/happycountry-tarare.fr\/index.php\/souvenirs\/cinema-de-tarare\/"]}]},{"@type":"ImageObject","inLanguage":"fr-FR","@id":"https:\/\/happycountry-tarare.fr\/index.php\/souvenirs\/cinema-de-tarare\/#primaryimage","url":"https:\/\/happycountry-tarare.fr\/wp-content\/uploads\/2025\/07\/240427_TARARE_WESTERN_-6-copie-scaled.jpg","contentUrl":"https:\/\/happycountry-tarare.fr\/wp-content\/uploads\/2025\/07\/240427_TARARE_WESTERN_-6-copie-scaled.jpg","width":2560,"height":1707},{"@type":"BreadcrumbList","@id":"https:\/\/happycountry-tarare.fr\/index.php\/souvenirs\/cinema-de-tarare\/#breadcrumb","itemListElement":[{"@type":"ListItem","position":1,"name":"Accueil","item":"https:\/\/happycountry-tarare.fr\/"},{"@type":"ListItem","position":2,"name":"SOUVENIRS","item":"https:\/\/happycountry-tarare.fr\/index.php\/souvenirs\/"},{"@type":"ListItem","position":3,"name":"Cin\u00e9ma De Tarare"}]},{"@type":"WebSite","@id":"https:\/\/happycountry-tarare.fr\/#website","url":"https:\/\/happycountry-tarare.fr\/","name":"Happy Country Tarare","description":"","publisher":{"@id":"https:\/\/happycountry-tarare.fr\/#organization"},"potentialAction":[{"@type":"SearchAction","target":{"@type":"EntryPoint","urlTemplate":"https:\/\/happycountry-tarare.fr\/?s={search_term_string}"},"query-input":{"@type":"PropertyValueSpecification","valueRequired":true,"valueName":"search_term_string"}}],"inLanguage":"fr-FR"},{"@type":"Organization","@id":"https:\/\/happycountry-tarare.fr\/#organization","name":"Happy Country Tarare","url":"https:\/\/happycountry-tarare.fr\/","logo":{"@type":"ImageObject","inLanguage":"fr-FR","@id":"https:\/\/happycountry-tarare.fr\/#\/schema\/logo\/image\/","url":"https:\/\/happycountry-tarare.fr\/wp-content\/uploads\/2024\/08\/cropped-LogoTarare-blanc.png","contentUrl":"https:\/\/happycountry-tarare.fr\/wp-content\/uploads\/2024\/08\/cropped-LogoTarare-blanc.png","width":411,"height":249,"caption":"Happy Country Tarare"},"image":{"@id":"https:\/\/happycountry-tarare.fr\/#\/schema\/logo\/image\/"}}]}},"_links":{"self":[{"href":"https:\/\/happycountry-tarare.fr\/index.php\/wp-json\/wp\/v2\/pages\/72","targetHints":{"allow":["GET"]}}],"collection":[{"href":"https:\/\/happycountry-tarare.fr\/index.php\/wp-json\/wp\/v2\/pages"}],"about":[{"href":"https:\/\/happycountry-tarare.fr\/index.php\/wp-json\/wp\/v2\/types\/page"}],"author":[{"embeddable":true,"href":"https:\/\/happycountry-tarare.fr\/index.php\/wp-json\/wp\/v2\/users\/2"}],"replies":[{"embeddable":true,"href":"https:\/\/happycountry-tarare.fr\/index.php\/wp-json\/wp\/v2\/comments?post=72"}],"version-history":[{"count":1,"href":"https:\/\/happycountry-tarare.fr\/index.php\/wp-json\/wp\/v2\/pages\/72\/revisions"}],"predecessor-version":[{"id":207,"href":"https:\/\/happycountry-tarare.fr\/index.php\/wp-json\/wp\/v2\/pages\/72\/revisions\/207"}],"up":[{"embeddable":true,"href":"https:\/\/happycountry-tarare.fr\/index.php\/wp-json\/wp\/v2\/pages\/66"}],"wp:attachment":[{"href":"https:\/\/happycountry-tarare.fr\/index.php\/wp-json\/wp\/v2\/media?parent=72"}],"curies":[{"name":"wp","href":"https:\/\/api.w.org\/{rel}","templated":true}]}}