{"id":91,"date":"2024-07-19T15:02:31","date_gmt":"2024-07-19T14:02:31","guid":{"rendered":"http:\/\/192.168.1.25\/?page_id=91"},"modified":"2025-07-16T11:24:45","modified_gmt":"2025-07-16T09:24:45","slug":"contact","status":"publish","type":"page","link":"https:\/\/happycountry-tarare.fr\/index.php\/contact\/","title":{"rendered":"CONTACT"},"content":{"rendered":"\n<p>Pour nous contacter<br><br>Cindy Laquerriere (Animatrice)<br>Num\u00e9ro de t\u00e9l\u00e9phone: <br>06.84.04.84.16 (n&rsquo;h\u00e9sitez pas \u00e0 laisser un message je vous rappellerais des que possible).<br><br>Adresse Mail:<br>csan.country@gmail.com<\/p>\n","protected":false},"excerpt":{"rendered":"<p>Pour nous contacter Cindy Laquerriere (Animatrice)Num\u00e9ro de t\u00e9l\u00e9phone: 06.84.04.84.16 (n&rsquo;h\u00e9sitez pas \u00e0 laisser un message je vous rappellerais des que possible). Adresse Mail:csan.country@gmail.com<\/p>\n","protected":false},"author":2,"featured_media":0,"parent":0,"menu_order":5,"comment_status":"open","ping_status":"closed","template":"","meta":{"footnotes":""},"class_list":["post-91","page","type-page","status-publish","hentry"],"yoast_head":"<!-- This site is optimized with the Yoast SEO plugin v25.9 - https:\/\/yoast.com\/wordpress\/plugins\/seo\/ -->\n<title>CONTACT - Happy Country Tarare<\/title>\n<meta name=\"robots\" content=\"index, follow, max-snippet:-1, max-image-preview:large, max-video-preview:-1\" \/>\n<link rel=\"canonical\" href=\"https:\/\/happycountry-tarare.fr\/index.php\/contact\/\" \/>\n<meta property=\"og:locale\" content=\"fr_FR\" \/>\n<meta property=\"og:type\" content=\"article\" \/>\n<meta property=\"og:title\" content=\"CONTACT - Happy Country Tarare\" \/>\n<meta property=\"og:description\" content=\"Pour nous contacter Cindy Laquerriere (Animatrice)Num\u00e9ro de t\u00e9l\u00e9phone: 06.84.04.84.16 (n&rsquo;h\u00e9sitez pas \u00e0 laisser un message je vous rappellerais des que possible). Adresse Mail:csan.country@gmail.com\" \/>\n<meta property=\"og:url\" content=\"https:\/\/happycountry-tarare.fr\/index.php\/contact\/\" \/>\n<meta property=\"og:site_name\" content=\"Happy Country Tarare\" \/>\n<meta property=\"article:modified_time\" content=\"2025-07-16T09:24:45+00:00\" \/>\n<meta property=\"og:image\" content=\"https:\/\/happycountry-tarare.fr\/wp-content\/uploads\/2024\/08\/cropped-LogoTarare-blanc.png\" \/>\n\t<meta property=\"og:image:width\" content=\"411\" \/>\n\t<meta property=\"og:image:height\" content=\"249\" \/>\n\t<meta property=\"og:image:type\" content=\"image\/png\" \/>\n<meta name=\"twitter:card\" content=\"summary_large_image\" \/>\n<script type=\"application\/ld+json\" class=\"yoast-schema-graph\">{\"@context\":\"https:\/\/schema.org\",\"@graph\":[{\"@type\":\"WebPage\",\"@id\":\"https:\/\/happycountry-tarare.fr\/index.php\/contact\/\",\"url\":\"https:\/\/happycountry-tarare.fr\/index.php\/contact\/\",\"name\":\"CONTACT - Happy Country Tarare\",\"isPartOf\":{\"@id\":\"https:\/\/happycountry-tarare.fr\/#website\"},\"datePublished\":\"2024-07-19T14:02:31+00:00\",\"dateModified\":\"2025-07-16T09:24:45+00:00\",\"breadcrumb\":{\"@id\":\"https:\/\/happycountry-tarare.fr\/index.php\/contact\/#breadcrumb\"},\"inLanguage\":\"fr-FR\",\"potentialAction\":[{\"@type\":\"ReadAction\",\"target\":[\"https:\/\/happycountry-tarare.fr\/index.php\/contact\/\"]}]},{\"@type\":\"BreadcrumbList\",\"@id\":\"https:\/\/happycountry-tarare.fr\/index.php\/contact\/#breadcrumb\",\"itemListElement\":[{\"@type\":\"ListItem\",\"position\":1,\"name\":\"Accueil\",\"item\":\"https:\/\/happycountry-tarare.fr\/\"},{\"@type\":\"ListItem\",\"position\":2,\"name\":\"CONTACT\"}]},{\"@type\":\"WebSite\",\"@id\":\"https:\/\/happycountry-tarare.fr\/#website\",\"url\":\"https:\/\/happycountry-tarare.fr\/\",\"name\":\"Happy Country Tarare\",\"description\":\"\",\"publisher\":{\"@id\":\"https:\/\/happycountry-tarare.fr\/#organization\"},\"potentialAction\":[{\"@type\":\"SearchAction\",\"target\":{\"@type\":\"EntryPoint\",\"urlTemplate\":\"https:\/\/happycountry-tarare.fr\/?s={search_term_string}\"},\"query-input\":{\"@type\":\"PropertyValueSpecification\",\"valueRequired\":true,\"valueName\":\"search_term_string\"}}],\"inLanguage\":\"fr-FR\"},{\"@type\":\"Organization\",\"@id\":\"https:\/\/happycountry-tarare.fr\/#organization\",\"name\":\"Happy Country Tarare\",\"url\":\"https:\/\/happycountry-tarare.fr\/\",\"logo\":{\"@type\":\"ImageObject\",\"inLanguage\":\"fr-FR\",\"@id\":\"https:\/\/happycountry-tarare.fr\/#\/schema\/logo\/image\/\",\"url\":\"https:\/\/happycountry-tarare.fr\/wp-content\/uploads\/2024\/08\/cropped-LogoTarare-blanc.png\",\"contentUrl\":\"https:\/\/happycountry-tarare.fr\/wp-content\/uploads\/2024\/08\/cropped-LogoTarare-blanc.png\",\"width\":411,\"height\":249,\"caption\":\"Happy Country Tarare\"},\"image\":{\"@id\":\"https:\/\/happycountry-tarare.fr\/#\/schema\/logo\/image\/\"}}]}<\/script>\n<!-- \/ Yoast SEO plugin. -->","yoast_head_json":{"title":"CONTACT - Happy Country Tarare","robots":{"index":"index","follow":"follow","max-snippet":"max-snippet:-1","max-image-preview":"max-image-preview:large","max-video-preview":"max-video-preview:-1"},"canonical":"https:\/\/happycountry-tarare.fr\/index.php\/contact\/","og_locale":"fr_FR","og_type":"article","og_title":"CONTACT - Happy Country Tarare","og_description":"Pour nous contacter Cindy Laquerriere (Animatrice)Num\u00e9ro de t\u00e9l\u00e9phone: 06.84.04.84.16 (n&rsquo;h\u00e9sitez pas \u00e0 laisser un message je vous rappellerais des que possible). Adresse Mail:csan.country@gmail.com","og_url":"https:\/\/happycountry-tarare.fr\/index.php\/contact\/","og_site_name":"Happy Country Tarare","article_modified_time":"2025-07-16T09:24:45+00:00","og_image":[{"width":411,"height":249,"url":"https:\/\/happycountry-tarare.fr\/wp-content\/uploads\/2024\/08\/cropped-LogoTarare-blanc.png","type":"image\/png"}],"twitter_card":"summary_large_image","schema":{"@context":"https:\/\/schema.org","@graph":[{"@type":"WebPage","@id":"https:\/\/happycountry-tarare.fr\/index.php\/contact\/","url":"https:\/\/happycountry-tarare.fr\/index.php\/contact\/","name":"CONTACT - Happy Country Tarare","isPartOf":{"@id":"https:\/\/happycountry-tarare.fr\/#website"},"datePublished":"2024-07-19T14:02:31+00:00","dateModified":"2025-07-16T09:24:45+00:00","breadcrumb":{"@id":"https:\/\/happycountry-tarare.fr\/index.php\/contact\/#breadcrumb"},"inLanguage":"fr-FR","potentialAction":[{"@type":"ReadAction","target":["https:\/\/happycountry-tarare.fr\/index.php\/contact\/"]}]},{"@type":"BreadcrumbList","@id":"https:\/\/happycountry-tarare.fr\/index.php\/contact\/#breadcrumb","itemListElement":[{"@type":"ListItem","position":1,"name":"Accueil","item":"https:\/\/happycountry-tarare.fr\/"},{"@type":"ListItem","position":2,"name":"CONTACT"}]},{"@type":"WebSite","@id":"https:\/\/happycountry-tarare.fr\/#website","url":"https:\/\/happycountry-tarare.fr\/","name":"Happy Country Tarare","description":"","publisher":{"@id":"https:\/\/happycountry-tarare.fr\/#organization"},"potentialAction":[{"@type":"SearchAction","target":{"@type":"EntryPoint","urlTemplate":"https:\/\/happycountry-tarare.fr\/?s={search_term_string}"},"query-input":{"@type":"PropertyValueSpecification","valueRequired":true,"valueName":"search_term_string"}}],"inLanguage":"fr-FR"},{"@type":"Organization","@id":"https:\/\/happycountry-tarare.fr\/#organization","name":"Happy Country Tarare","url":"https:\/\/happycountry-tarare.fr\/","logo":{"@type":"ImageObject","inLanguage":"fr-FR","@id":"https:\/\/happycountry-tarare.fr\/#\/schema\/logo\/image\/","url":"https:\/\/happycountry-tarare.fr\/wp-content\/uploads\/2024\/08\/cropped-LogoTarare-blanc.png","contentUrl":"https:\/\/happycountry-tarare.fr\/wp-content\/uploads\/2024\/08\/cropped-LogoTarare-blanc.png","width":411,"height":249,"caption":"Happy Country Tarare"},"image":{"@id":"https:\/\/happycountry-tarare.fr\/#\/schema\/logo\/image\/"}}]}},"_links":{"self":[{"href":"https:\/\/happycountry-tarare.fr\/index.php\/wp-json\/wp\/v2\/pages\/91","targetHints":{"allow":["GET"]}}],"collection":[{"href":"https:\/\/happycountry-tarare.fr\/index.php\/wp-json\/wp\/v2\/pages"}],"about":[{"href":"https:\/\/happycountry-tarare.fr\/index.php\/wp-json\/wp\/v2\/types\/page"}],"author":[{"embeddable":true,"href":"https:\/\/happycountry-tarare.fr\/index.php\/wp-json\/wp\/v2\/users\/2"}],"replies":[{"embeddable":true,"href":"https:\/\/happycountry-tarare.fr\/index.php\/wp-json\/wp\/v2\/comments?post=91"}],"version-history":[{"count":1,"href":"https:\/\/happycountry-tarare.fr\/index.php\/wp-json\/wp\/v2\/pages\/91\/revisions"}],"predecessor-version":[{"id":243,"href":"https:\/\/happycountry-tarare.fr\/index.php\/wp-json\/wp\/v2\/pages\/91\/revisions\/243"}],"wp:attachment":[{"href":"https:\/\/happycountry-tarare.fr\/index.php\/wp-json\/wp\/v2\/media?parent=91"}],"curies":[{"name":"wp","href":"https:\/\/api.w.org\/{rel}","templated":true}]}}